{"id":251,"date":"2025-05-09T12:12:39","date_gmt":"2025-05-09T16:12:39","guid":{"rendered":"https:\/\/bakofis.com\/bakofis\/"},"modified":"2025-11-14T16:13:54","modified_gmt":"2025-11-14T21:13:54","slug":"home-2","status":"publish","type":"page","link":"https:\/\/bakofis.com\/en\/","title":{"rendered":"Bakofis"},"content":{"rendered":"\r\n<p>Ceci est une page d\u2019exemple. C\u2019est diff\u00e9rent d\u2019un article de blogue parce qu\u2019elle restera au m\u00eame endroit et appara\u00eetra dans la navigation de votre site (dans la plupart des th\u00e8mes).<\/p>\r\n","protected":false},"excerpt":{"rendered":"<p>Ceci est une page d\u2019exemple. C\u2019est diff\u00e9rent d\u2019un article de blogue parce qu\u2019elle restera au m\u00eame endroit et appara\u00eetra dans la navigation de votre site (dans la plupart des th\u00e8mes).<\/p>\n","protected":false},"author":1,"featured_media":0,"parent":0,"menu_order":0,"comment_status":"closed","ping_status":"open","template":"","meta":{"_acf_changed":false,"footnotes":""},"class_list":["post-251","page","type-page","status-publish","hentry"],"acf":[],"yoast_head":"<!-- This site is optimized with the Yoast SEO plugin v25.5 - https:\/\/yoast.com\/wordpress\/plugins\/seo\/ -->\n<title>Bakofis - bakofis<\/title>\n<meta name=\"robots\" content=\"index, follow, max-snippet:-1, max-image-preview:large, max-video-preview:-1\" \/>\n<link rel=\"canonical\" href=\"https:\/\/bakofis.com\/en\/\" \/>\n<meta property=\"og:locale\" content=\"en_US\" \/>\n<meta property=\"og:type\" content=\"article\" \/>\n<meta property=\"og:title\" content=\"Bakofis - bakofis\" \/>\n<meta property=\"og:description\" content=\"Ceci est une page d\u2019exemple. C\u2019est diff\u00e9rent d\u2019un article de blogue parce qu\u2019elle restera au m\u00eame endroit et appara\u00eetra dans la navigation de votre site (dans la plupart des th\u00e8mes).\" \/>\n<meta property=\"og:url\" content=\"https:\/\/bakofis.com\/en\/\" \/>\n<meta property=\"og:site_name\" content=\"bakofis\" \/>\n<meta property=\"article:modified_time\" content=\"2025-11-14T21:13:54+00:00\" \/>\n<meta name=\"twitter:card\" content=\"summary_large_image\" \/>\n<meta name=\"twitter:label1\" content=\"Est. reading time\" \/>\n\t<meta name=\"twitter:data1\" content=\"1 minute\" \/>\n<script type=\"application\/ld+json\" class=\"yoast-schema-graph\">{\"@context\":\"https:\/\/schema.org\",\"@graph\":[{\"@type\":\"WebPage\",\"@id\":\"https:\/\/bakofis.com\/en\/\",\"url\":\"https:\/\/bakofis.com\/en\/\",\"name\":\"Bakofis - bakofis\",\"isPartOf\":{\"@id\":\"https:\/\/bakofis.com\/#website\"},\"datePublished\":\"2025-05-09T16:12:39+00:00\",\"dateModified\":\"2025-11-14T21:13:54+00:00\",\"breadcrumb\":{\"@id\":\"https:\/\/bakofis.com\/en\/#breadcrumb\"},\"inLanguage\":\"en-CA\",\"potentialAction\":[{\"@type\":\"ReadAction\",\"target\":[\"https:\/\/bakofis.com\/en\/\"]}]},{\"@type\":\"BreadcrumbList\",\"@id\":\"https:\/\/bakofis.com\/en\/#breadcrumb\",\"itemListElement\":[{\"@type\":\"ListItem\",\"position\":1,\"name\":\"Home\",\"item\":\"https:\/\/bakofis.com\/en\/\"},{\"@type\":\"ListItem\",\"position\":2,\"name\":\"Bakofis\"}]},{\"@type\":\"WebSite\",\"@id\":\"https:\/\/bakofis.com\/#website\",\"url\":\"https:\/\/bakofis.com\/\",\"name\":\"bakofis\",\"description\":\"\",\"potentialAction\":[{\"@type\":\"SearchAction\",\"target\":{\"@type\":\"EntryPoint\",\"urlTemplate\":\"https:\/\/bakofis.com\/?s={search_term_string}\"},\"query-input\":{\"@type\":\"PropertyValueSpecification\",\"valueRequired\":true,\"valueName\":\"search_term_string\"}}],\"inLanguage\":\"en-CA\"}]}<\/script>\n<!-- \/ Yoast SEO plugin. -->","yoast_head_json":{"title":"Bakofis - bakofis","robots":{"index":"index","follow":"follow","max-snippet":"max-snippet:-1","max-image-preview":"max-image-preview:large","max-video-preview":"max-video-preview:-1"},"canonical":"https:\/\/bakofis.com\/en\/","og_locale":"en_US","og_type":"article","og_title":"Bakofis - bakofis","og_description":"Ceci est une page d\u2019exemple. C\u2019est diff\u00e9rent d\u2019un article de blogue parce qu\u2019elle restera au m\u00eame endroit et appara\u00eetra dans la navigation de votre site (dans la plupart des th\u00e8mes).","og_url":"https:\/\/bakofis.com\/en\/","og_site_name":"bakofis","article_modified_time":"2025-11-14T21:13:54+00:00","twitter_card":"summary_large_image","twitter_misc":{"Est. reading time":"1 minute"},"schema":{"@context":"https:\/\/schema.org","@graph":[{"@type":"WebPage","@id":"https:\/\/bakofis.com\/en\/","url":"https:\/\/bakofis.com\/en\/","name":"Bakofis - bakofis","isPartOf":{"@id":"https:\/\/bakofis.com\/#website"},"datePublished":"2025-05-09T16:12:39+00:00","dateModified":"2025-11-14T21:13:54+00:00","breadcrumb":{"@id":"https:\/\/bakofis.com\/en\/#breadcrumb"},"inLanguage":"en-CA","potentialAction":[{"@type":"ReadAction","target":["https:\/\/bakofis.com\/en\/"]}]},{"@type":"BreadcrumbList","@id":"https:\/\/bakofis.com\/en\/#breadcrumb","itemListElement":[{"@type":"ListItem","position":1,"name":"Home","item":"https:\/\/bakofis.com\/en\/"},{"@type":"ListItem","position":2,"name":"Bakofis"}]},{"@type":"WebSite","@id":"https:\/\/bakofis.com\/#website","url":"https:\/\/bakofis.com\/","name":"bakofis","description":"","potentialAction":[{"@type":"SearchAction","target":{"@type":"EntryPoint","urlTemplate":"https:\/\/bakofis.com\/?s={search_term_string}"},"query-input":{"@type":"PropertyValueSpecification","valueRequired":true,"valueName":"search_term_string"}}],"inLanguage":"en-CA"}]}},"_links":{"self":[{"href":"https:\/\/bakofis.com\/en\/wp-json\/wp\/v2\/pages\/251","targetHints":{"allow":["GET"]}}],"collection":[{"href":"https:\/\/bakofis.com\/en\/wp-json\/wp\/v2\/pages"}],"about":[{"href":"https:\/\/bakofis.com\/en\/wp-json\/wp\/v2\/types\/page"}],"author":[{"embeddable":true,"href":"https:\/\/bakofis.com\/en\/wp-json\/wp\/v2\/users\/1"}],"replies":[{"embeddable":true,"href":"https:\/\/bakofis.com\/en\/wp-json\/wp\/v2\/comments?post=251"}],"version-history":[{"count":3,"href":"https:\/\/bakofis.com\/en\/wp-json\/wp\/v2\/pages\/251\/revisions"}],"predecessor-version":[{"id":416,"href":"https:\/\/bakofis.com\/en\/wp-json\/wp\/v2\/pages\/251\/revisions\/416"}],"wp:attachment":[{"href":"https:\/\/bakofis.com\/en\/wp-json\/wp\/v2\/media?parent=251"}],"curies":[{"name":"wp","href":"https:\/\/api.w.org\/{rel}","templated":true}]}}